{"id":580,"date":"2024-07-09T09:21:59","date_gmt":"2024-07-09T07:21:59","guid":{"rendered":"https:\/\/maglificiomarilina.com\/maglificio-marilina\/"},"modified":"2024-10-14T09:08:50","modified_gmt":"2024-10-14T07:08:50","slug":"maglificio-marilina","status":"publish","type":"page","link":"https:\/\/www.maglificiomarilina.com\/fr\/","title":{"rendered":"Maglificio Marilina"},"content":{"rendered":"\t\t<div data-elementor-type=\"wp-page\" data-elementor-id=\"580\" class=\"elementor elementor-580 elementor-72\" data-elementor-post-type=\"page\">\n\t\t\t\t<div class=\"elementor-element elementor-element-d9ae999 e-flex e-con-boxed e-con e-parent\" data-id=\"d9ae999\" data-element_type=\"container\" data-settings=\"{&quot;background_background&quot;:&quot;classic&quot;}\">\n\t\t\t\t\t<div class=\"e-con-inner\">\n\t\t\t\t<div class=\"elementor-element elementor-element-1f6a1fa elementor-widget elementor-widget-spacer\" data-id=\"1f6a1fa\" data-element_type=\"widget\" data-widget_type=\"spacer.default\">\n\t\t\t\t<div class=\"elementor-widget-container\">\n\t\t\t<style>\/*! elementor - v3.23.0 - 25-07-2024 *\/\n.elementor-column .elementor-spacer-inner{height:var(--spacer-size)}.e-con{--container-widget-width:100%}.e-con-inner>.elementor-widget-spacer,.e-con>.elementor-widget-spacer{width:var(--container-widget-width,var(--spacer-size));--align-self:var(--container-widget-align-self,initial);--flex-shrink:0}.e-con-inner>.elementor-widget-spacer>.elementor-widget-container,.e-con>.elementor-widget-spacer>.elementor-widget-container{height:100%;width:100%}.e-con-inner>.elementor-widget-spacer>.elementor-widget-container>.elementor-spacer,.e-con>.elementor-widget-spacer>.elementor-widget-container>.elementor-spacer{height:100%}.e-con-inner>.elementor-widget-spacer>.elementor-widget-container>.elementor-spacer>.elementor-spacer-inner,.e-con>.elementor-widget-spacer>.elementor-widget-container>.elementor-spacer>.elementor-spacer-inner{height:var(--container-widget-height,var(--spacer-size))}.e-con-inner>.elementor-widget-spacer.elementor-widget-empty,.e-con>.elementor-widget-spacer.elementor-widget-empty{position:relative;min-height:22px;min-width:22px}.e-con-inner>.elementor-widget-spacer.elementor-widget-empty .elementor-widget-empty-icon,.e-con>.elementor-widget-spacer.elementor-widget-empty .elementor-widget-empty-icon{position:absolute;top:0;bottom:0;left:0;right:0;margin:auto;padding:0;width:22px;height:22px}<\/style>\t\t<div class=\"elementor-spacer\">\n\t\t\t<div class=\"elementor-spacer-inner\"><\/div>\n\t\t<\/div>\n\t\t\t\t<\/div>\n\t\t\t\t<\/div>\n\t\t\t\t\t<\/div>\n\t\t\t\t<\/div>\n\t\t<div class=\"elementor-element elementor-element-4c9b9b3 e-flex e-con-boxed e-con e-parent\" data-id=\"4c9b9b3\" data-element_type=\"container\">\n\t\t\t\t\t<div class=\"e-con-inner\">\n\t\t\t\t<div class=\"elementor-element elementor-element-73b12b9 elementor-widget elementor-widget-heading\" data-id=\"73b12b9\" data-element_type=\"widget\" data-widget_type=\"heading.default\">\n\t\t\t\t<div class=\"elementor-widget-container\">\n\t\t\t<style>\/*! elementor - v3.23.0 - 25-07-2024 *\/\n.elementor-heading-title{padding:0;margin:0;line-height:1}.elementor-widget-heading .elementor-heading-title[class*=elementor-size-]>a{color:inherit;font-size:inherit;line-height:inherit}.elementor-widget-heading .elementor-heading-title.elementor-size-small{font-size:15px}.elementor-widget-heading .elementor-heading-title.elementor-size-medium{font-size:19px}.elementor-widget-heading .elementor-heading-title.elementor-size-large{font-size:29px}.elementor-widget-heading .elementor-heading-title.elementor-size-xl{font-size:39px}.elementor-widget-heading .elementor-heading-title.elementor-size-xxl{font-size:59px}<\/style><h1 class=\"elementor-heading-title elementor-size-default\">MAGLIFICIO MARILINA<\/h1>\t\t<\/div>\n\t\t\t\t<\/div>\n\t\t\t\t<div class=\"elementor-element elementor-element-e20c77b elementor-widget elementor-widget-heading\" data-id=\"e20c77b\" data-element_type=\"widget\" data-widget_type=\"heading.default\">\n\t\t\t\t<div class=\"elementor-widget-container\">\n\t\t\t<h2 class=\"elementor-heading-title elementor-size-default\">Depuis 1978, l\u2019usine de tricots d\u00e9nomm\u00e9e Maglificio Marilina produit des pi\u00e8ces de haut artisanat industriel pour la haute couture. Son nom est synonyme de tradition, recherche, respect de la qualit\u00e9 et de l\u2019environnement.<\/h2>\t\t<\/div>\n\t\t\t\t<\/div>\n\t\t\t\t<div class=\"elementor-element elementor-element-f14932c elementor-widget elementor-widget-text-editor\" data-id=\"f14932c\" data-element_type=\"widget\" data-widget_type=\"text-editor.default\">\n\t\t\t\t<div class=\"elementor-widget-container\">\n\t\t\t<style>\/*! elementor - v3.23.0 - 25-07-2024 *\/\n.elementor-widget-text-editor.elementor-drop-cap-view-stacked .elementor-drop-cap{background-color:#69727d;color:#fff}.elementor-widget-text-editor.elementor-drop-cap-view-framed .elementor-drop-cap{color:#69727d;border:3px solid;background-color:transparent}.elementor-widget-text-editor:not(.elementor-drop-cap-view-default) .elementor-drop-cap{margin-top:8px}.elementor-widget-text-editor:not(.elementor-drop-cap-view-default) .elementor-drop-cap-letter{width:1em;height:1em}.elementor-widget-text-editor .elementor-drop-cap{float:left;text-align:center;line-height:1;font-size:50px}.elementor-widget-text-editor .elementor-drop-cap-letter{display:inline-block}<\/style>\t\t\t\t<p>Le Maglificio Marilina a \u00e9t\u00e9 fond\u00e9 en 1978 par les conjoints Carlo et Patrizia Ragni, en s\u2019ins\u00e9rant dans le contexte de la \u00ab Cashmere Valley du Trasim\u00e8ne \u00bb o\u00f9 excelle l\u2019art du tissage et du travail de la laine, en Ombrie \u2013 plus particuli\u00e8rement dans la zone de Perugia \u2013 depuis la fin du 14e si\u00e8cle.<\/p>\n\t\t\t\t\t\t<\/div>\n\t\t\t\t<\/div>\n\t\t\t\t\t<\/div>\n\t\t\t\t<\/div>\n\t\t<div class=\"elementor-element elementor-element-31582e0 e-flex e-con-boxed e-con e-parent\" data-id=\"31582e0\" data-element_type=\"container\">\n\t\t\t\t\t<div class=\"e-con-inner\">\n\t\t\t\t<div class=\"elementor-element elementor-element-e2fb49a elementor-widget elementor-widget-ucaddon_blox_instagram_widget\" data-id=\"e2fb49a\" data-element_type=\"widget\" data-widget_type=\"ucaddon_blox_instagram_widget.default\">\n\t\t\t\t<div class=\"elementor-widget-container\">\n\t\t\t\n<!-- start Instagram Metro Grid -->\n\t\t<link id='font-awesome-css' href='https:\/\/www.maglificiomarilina.com\/wp-content\/plugins\/unlimited-elements-for-elementor-premium\/assets_libraries\/font-awesome6\/fontawesome-all.min.css' type='text\/css' rel='stylesheet' >\n\t\t<link id='font-awesome-4-shim-css' href='https:\/\/www.maglificiomarilina.com\/wp-content\/plugins\/unlimited-elements-for-elementor-premium\/assets_libraries\/font-awesome6\/fontawesome-v4-shims.min.css' type='text\/css' rel='stylesheet' >\n\t\t<link id='uc_ac_assets_file_instagram_widget_css_0-css' href='https:\/\/www.maglificiomarilina.com\/wp-content\/uploads\/ac_assets\/blox_instagram_widget\/instagram-widget.css' type='text\/css' rel='stylesheet' >\n\n<style>\/* widget: Instagram Metro Grid *\/\n\n#uc_blox_instagram_widget_elementor_e2fb49a * { \n\tbox-sizing: border-box; \n}\n\n\n#uc_blox_instagram_widget_elementor_e2fb49a .ue-grid\n{\n  display: grid;\n  grid-auto-rows: 1fr;\n}\n\n#uc_blox_instagram_widget_elementor_e2fb49a .ue-grid-item img\n{\n  aspect-ratio: 1 \/ 1;\n  object-fit:cover;\n  display:block;\n}\n#uc_blox_instagram_widget_elementor_e2fb49a .blox_instagram_widget_container {\n\tbackground-color: #fff;\n\tpadding: 0px;\n\toverflow: hidden;\n}\n\n#uc_blox_instagram_widget_elementor_e2fb49a .blox_instagram_widget_container img {\n\theight: auto;\n\twidth: 100%;\n\tmax-width: 100%;\n}\n\n#uc_blox_instagram_widget_elementor_e2fb49a .blox_image_box {\n\tposition: relative;\n}\n#uc_blox_instagram_widget_elementor_e2fb49a .blox_profile_pic {\n\twidth: 54px;\n\theight: 54px;\n\tborder: 3px solid #fff;\n\t\/*-webkit-border-radius: 50%;\n\t-moz-border-radius: 50%;\n\t-ms-border-radius: 50%;\n\tborder-radius: 50%;\n\toverflow: hidden;*\/\n}\n\n\n\n#uc_blox_instagram_widget_elementor_e2fb49a ul.blox_image_list li {\n\tlist-style: none !important;\n\twidth: 25%;\n\tfloat: left;\n\tpadding: 0 2px;\n\tmargin: 0 0 4px;\n}\n\n#uc_blox_instagram_widget_elementor_e2fb49a .blox_instagram_info {\n\tpadding:20px;\n\tposition: relative;\n    display:flex;\n    justify-content:space-between;\n}\n\n#uc_blox_instagram_widget_elementor_e2fb49a .blox_profile_name {\n\tfont-family: inherit;\n    color:#000000;\n}\n\n\n#uc_blox_instagram_widget_elementor_e2fb49a .blox_follow_btn {\n\tfont-size: 13px;\n\tline-height: 22px;\n\tfont-family: inherit;\n\tmargin: 0;\n\tfloat: right;\n}\n\n#uc_blox_instagram_widget_elementor_e2fb49a .blox_follow_btn a {\n\tcolor: #000000;\n\tfont-family: inherit;\n\tfont-size: 13px;\n\tfont-weight: 600;\n\tline-height: 28px;\n\ttext-align: center;\n\tdisplay: inline-block;\n\tborder: 1px solid #000000;\n\tborder-radius: 5px;\n\ttext-decoration: none;\n\tpadding: 2px 30px;\n}\n\n#uc_blox_instagram_widget_elementor_e2fb49a .ig_img:hover{\n\tfilter: contrast(130%);\n}\n\n\n\n@media only screen and (max-width: 600px) {\n  #uc_blox_instagram_widget_elementor_e2fb49a div.ue-grid-item\n  {\n    grid-column: span 1;\n    grid-row: span 1;\n  }\n  #uc_blox_instagram_widget_elementor_e2fb49a div.ue-grid\n  {\n  grid-template-columns: repeat(2, 1fr);\n  }\n}\n\n<\/style>\n\n<div class=\"blox_instagram_widget\" id=\"uc_blox_instagram_widget_elementor_e2fb49a\">\n    \t<div class=\"blox_instagram_info\">\n            \t<div class=\"blox_profile_pic\"><img decoding=\"async\" src=\"https:\/\/www.maglificiomarilina.com\/wp-content\/uploads\/2024\/06\/fav-icon.png\" alt=\"\"><\/div>\n            \t<div class=\"blox_profile_content\">\n            \t\t<div class=\"blox_profile_name\"><\/div>\n            \t<\/div>\n            \t<div class=\"blox_follow_btn\"><a target=\"_blank\" href=\"\" style=\"border-color: #000; background-color: #4A4A4A; color: #fff;\">Suivre sur IG<\/a><\/div>\n            <\/div>  \n\t\n  \n        <div class=\"blox_instagram_widget_container\">\n        \n            <div class=\"blox_image_box\">\n            \t<div class=\"ue-grid\">\n            \t\t\n            \t<\/div>\n            <\/div>\n          \n          \n          \n        <\/div>\n    <\/div>\n<!-- end Instagram Metro Grid -->\t\t<\/div>\n\t\t\t\t<\/div>\n\t\t\t\t\t<\/div>\n\t\t\t\t<\/div>\n\t\t\t\t<\/div>\n\t\t","protected":false},"excerpt":{"rendered":"<p>MAGLIFICIO MARILINA Depuis 1978, l\u2019usine de tricots d\u00e9nomm\u00e9e Maglificio Marilina produit des pi\u00e8ces de haut artisanat industriel pour la haute couture. Son nom est synonyme de tradition, recherche, respect de la qualit\u00e9 et de l\u2019environnement. Le Maglificio Marilina a \u00e9t\u00e9 fond\u00e9 en 1978 par les conjoints Carlo et Patrizia Ragni, en s\u2019ins\u00e9rant dans le contexte [&hellip;]<\/p>\n","protected":false},"author":1,"featured_media":0,"parent":0,"menu_order":0,"comment_status":"closed","ping_status":"closed","template":"","meta":{"footnotes":""},"class_list":["post-580","page","type-page","status-publish","hentry"],"_links":{"self":[{"href":"https:\/\/www.maglificiomarilina.com\/fr\/wp-json\/wp\/v2\/pages\/580","targetHints":{"allow":["GET"]}}],"collection":[{"href":"https:\/\/www.maglificiomarilina.com\/fr\/wp-json\/wp\/v2\/pages"}],"about":[{"href":"https:\/\/www.maglificiomarilina.com\/fr\/wp-json\/wp\/v2\/types\/page"}],"author":[{"embeddable":true,"href":"https:\/\/www.maglificiomarilina.com\/fr\/wp-json\/wp\/v2\/users\/1"}],"replies":[{"embeddable":true,"href":"https:\/\/www.maglificiomarilina.com\/fr\/wp-json\/wp\/v2\/comments?post=580"}],"version-history":[{"count":3,"href":"https:\/\/www.maglificiomarilina.com\/fr\/wp-json\/wp\/v2\/pages\/580\/revisions"}],"predecessor-version":[{"id":733,"href":"https:\/\/www.maglificiomarilina.com\/fr\/wp-json\/wp\/v2\/pages\/580\/revisions\/733"}],"wp:attachment":[{"href":"https:\/\/www.maglificiomarilina.com\/fr\/wp-json\/wp\/v2\/media?parent=580"}],"curies":[{"name":"wp","href":"https:\/\/api.w.org\/{rel}","templated":true}]}}