{"id":582,"date":"2024-06-11T15:09:10","date_gmt":"2024-06-11T13:09:10","guid":{"rendered":"https:\/\/maglificiomarilina.com\/marque\/"},"modified":"2024-10-14T08:41:50","modified_gmt":"2024-10-14T06:41:50","slug":"marque","status":"publish","type":"page","link":"https:\/\/www.maglificiomarilina.com\/fr\/marque\/","title":{"rendered":"Marque"},"content":{"rendered":"\t\t<div data-elementor-type=\"wp-page\" data-elementor-id=\"582\" class=\"elementor elementor-582 elementor-11\" data-elementor-post-type=\"page\">\n\t\t\t\t<div class=\"elementor-element elementor-element-8fae3db e-flex e-con-boxed e-con e-parent\" data-id=\"8fae3db\" data-element_type=\"container\" data-settings=\"{&quot;background_background&quot;:&quot;classic&quot;}\">\n\t\t\t\t\t<div class=\"e-con-inner\">\n\t\t\t\t<div class=\"elementor-element elementor-element-3690c56 elementor-widget elementor-widget-spacer\" data-id=\"3690c56\" data-element_type=\"widget\" data-widget_type=\"spacer.default\">\n\t\t\t\t<div class=\"elementor-widget-container\">\n\t\t\t<style>\/*! elementor - v3.23.0 - 25-07-2024 *\/\n.elementor-column .elementor-spacer-inner{height:var(--spacer-size)}.e-con{--container-widget-width:100%}.e-con-inner>.elementor-widget-spacer,.e-con>.elementor-widget-spacer{width:var(--container-widget-width,var(--spacer-size));--align-self:var(--container-widget-align-self,initial);--flex-shrink:0}.e-con-inner>.elementor-widget-spacer>.elementor-widget-container,.e-con>.elementor-widget-spacer>.elementor-widget-container{height:100%;width:100%}.e-con-inner>.elementor-widget-spacer>.elementor-widget-container>.elementor-spacer,.e-con>.elementor-widget-spacer>.elementor-widget-container>.elementor-spacer{height:100%}.e-con-inner>.elementor-widget-spacer>.elementor-widget-container>.elementor-spacer>.elementor-spacer-inner,.e-con>.elementor-widget-spacer>.elementor-widget-container>.elementor-spacer>.elementor-spacer-inner{height:var(--container-widget-height,var(--spacer-size))}.e-con-inner>.elementor-widget-spacer.elementor-widget-empty,.e-con>.elementor-widget-spacer.elementor-widget-empty{position:relative;min-height:22px;min-width:22px}.e-con-inner>.elementor-widget-spacer.elementor-widget-empty .elementor-widget-empty-icon,.e-con>.elementor-widget-spacer.elementor-widget-empty .elementor-widget-empty-icon{position:absolute;top:0;bottom:0;left:0;right:0;margin:auto;padding:0;width:22px;height:22px}<\/style>\t\t<div class=\"elementor-spacer\">\n\t\t\t<div class=\"elementor-spacer-inner\"><\/div>\n\t\t<\/div>\n\t\t\t\t<\/div>\n\t\t\t\t<\/div>\n\t\t\t\t\t<\/div>\n\t\t\t\t<\/div>\n\t\t<div class=\"elementor-element elementor-element-fc495e9 e-flex e-con-boxed e-con e-parent\" data-id=\"fc495e9\" data-element_type=\"container\">\n\t\t\t\t\t<div class=\"e-con-inner\">\n\t\t\t\t<div class=\"elementor-element elementor-element-0e1b3c0 elementor-widget elementor-widget-heading\" data-id=\"0e1b3c0\" data-element_type=\"widget\" data-widget_type=\"heading.default\">\n\t\t\t\t<div class=\"elementor-widget-container\">\n\t\t\t<style>\/*! elementor - v3.23.0 - 25-07-2024 *\/\n.elementor-heading-title{padding:0;margin:0;line-height:1}.elementor-widget-heading .elementor-heading-title[class*=elementor-size-]>a{color:inherit;font-size:inherit;line-height:inherit}.elementor-widget-heading .elementor-heading-title.elementor-size-small{font-size:15px}.elementor-widget-heading .elementor-heading-title.elementor-size-medium{font-size:19px}.elementor-widget-heading .elementor-heading-title.elementor-size-large{font-size:29px}.elementor-widget-heading .elementor-heading-title.elementor-size-xl{font-size:39px}.elementor-widget-heading .elementor-heading-title.elementor-size-xxl{font-size:59px}<\/style><h1 class=\"elementor-heading-title elementor-size-default\">MARQUE<\/h1>\t\t<\/div>\n\t\t\t\t<\/div>\n\t\t\t\t<div class=\"elementor-element elementor-element-9ddebed elementor-widget elementor-widget-text-editor\" data-id=\"9ddebed\" data-element_type=\"widget\" data-widget_type=\"text-editor.default\">\n\t\t\t\t<div class=\"elementor-widget-container\">\n\t\t\t<style>\/*! elementor - v3.23.0 - 25-07-2024 *\/\n.elementor-widget-text-editor.elementor-drop-cap-view-stacked .elementor-drop-cap{background-color:#69727d;color:#fff}.elementor-widget-text-editor.elementor-drop-cap-view-framed .elementor-drop-cap{color:#69727d;border:3px solid;background-color:transparent}.elementor-widget-text-editor:not(.elementor-drop-cap-view-default) .elementor-drop-cap{margin-top:8px}.elementor-widget-text-editor:not(.elementor-drop-cap-view-default) .elementor-drop-cap-letter{width:1em;height:1em}.elementor-widget-text-editor .elementor-drop-cap{float:left;text-align:center;line-height:1;font-size:50px}.elementor-widget-text-editor .elementor-drop-cap-letter{display:inline-block}<\/style>\t\t\t\t<p>D\u00e9couvrez le luxe artisanal qui d\u00e9finit la mode italienne avec le Maglificio Marilina. Depuis plus de quatre d\u00e9cennies, nous nous engageons \u00e0 cr\u00e9er des v\u00eatements distinctifs qui incarnent l&rsquo;\u00e9l\u00e9gance intemporelle et la qualit\u00e9 sup\u00e9rieure. Fond\u00e9e en 1978 par le couple visionnaire Carlo et Patrizia Ragni, notre entreprise est enracin\u00e9e au c\u0153ur de la renomm\u00e9e \u00ab\u00a0Vall\u00e9e du Cachemire de Trasimeno\u00a0\u00bb, un lieu o\u00f9 l&rsquo;art du tissage et du travail de la laine est une tradition s\u00e9culaire.<\/p>\n<p>Guid\u00e9s par l&rsquo;amour de l&rsquo;artisanat et de la perfection, nous avons forg\u00e9 des collaborations prestigieuses avec les plus grands noms de la haute couture depuis les ann\u00e9es 90. Avec l&rsquo;arriv\u00e9e de leur fils Emiliano en 1997, nous avons poursuivi cet h\u00e9ritage, alliant innovation et exp\u00e9rience transmise de g\u00e9n\u00e9ration en g\u00e9n\u00e9ration. Le r\u00e9sultat? Une production de v\u00eatements de haute couture qui encapsulent l&rsquo;essence m\u00eame de notre histoire et de notre d\u00e9vouement.<\/p>\n<p>Mais nous ne nous arr\u00eatons pas l\u00e0. Au Maglificio Marilina, nous nous soucions profond\u00e9ment de l&rsquo;environnement et de la durabilit\u00e9. Chaque v\u00eatement que nous cr\u00e9ons est le r\u00e9sultat d&rsquo;une s\u00e9lection minutieuse des mat\u00e9riaux et d&rsquo;un processus de production visant \u00e0 minimiser l&rsquo;impact environnemental. Nous fournissons des collections exclusives pour les marques les plus prestigieuses du secteur de la mode et r\u00e9alisons des v\u00eatements sur mesure avec une approche tailleur pour nos clients les plus exigeants.<\/p>\n<p>Avec notre \u00e9quipe exp\u00e9riment\u00e9e et passionn\u00e9e, nous sommes d\u00e9termin\u00e9s \u00e0 garantir que chaque pi\u00e8ce r\u00e9pond aux normes les plus \u00e9lev\u00e9es de qualit\u00e9, de raffinement et de durabilit\u00e9. Rejoignez-nous dans notre voyage vers l&rsquo;excellence artisanale et d\u00e9couvrez le plaisir de poss\u00e9der une pi\u00e8ce unique de haute couture italienne avec le Maglificio Marilina.<\/p>\n\t\t\t\t\t\t<\/div>\n\t\t\t\t<\/div>\n\t\t\t\t\t<\/div>\n\t\t\t\t<\/div>\n\t\t\t\t<\/div>\n\t\t","protected":false},"excerpt":{"rendered":"<p>MARQUE D\u00e9couvrez le luxe artisanal qui d\u00e9finit la mode italienne avec le Maglificio Marilina. Depuis plus de quatre d\u00e9cennies, nous nous engageons \u00e0 cr\u00e9er des v\u00eatements distinctifs qui incarnent l&rsquo;\u00e9l\u00e9gance intemporelle et la qualit\u00e9 sup\u00e9rieure. Fond\u00e9e en 1978 par le couple visionnaire Carlo et Patrizia Ragni, notre entreprise est enracin\u00e9e au c\u0153ur de la renomm\u00e9e [&hellip;]<\/p>\n","protected":false},"author":1,"featured_media":0,"parent":0,"menu_order":0,"comment_status":"closed","ping_status":"closed","template":"","meta":{"footnotes":""},"class_list":["post-582","page","type-page","status-publish","hentry"],"_links":{"self":[{"href":"https:\/\/www.maglificiomarilina.com\/fr\/wp-json\/wp\/v2\/pages\/582","targetHints":{"allow":["GET"]}}],"collection":[{"href":"https:\/\/www.maglificiomarilina.com\/fr\/wp-json\/wp\/v2\/pages"}],"about":[{"href":"https:\/\/www.maglificiomarilina.com\/fr\/wp-json\/wp\/v2\/types\/page"}],"author":[{"embeddable":true,"href":"https:\/\/www.maglificiomarilina.com\/fr\/wp-json\/wp\/v2\/users\/1"}],"replies":[{"embeddable":true,"href":"https:\/\/www.maglificiomarilina.com\/fr\/wp-json\/wp\/v2\/comments?post=582"}],"version-history":[{"count":5,"href":"https:\/\/www.maglificiomarilina.com\/fr\/wp-json\/wp\/v2\/pages\/582\/revisions"}],"predecessor-version":[{"id":727,"href":"https:\/\/www.maglificiomarilina.com\/fr\/wp-json\/wp\/v2\/pages\/582\/revisions\/727"}],"wp:attachment":[{"href":"https:\/\/www.maglificiomarilina.com\/fr\/wp-json\/wp\/v2\/media?parent=582"}],"curies":[{"name":"wp","href":"https:\/\/api.w.org\/{rel}","templated":true}]}}