{"id":584,"date":"2024-06-11T15:09:23","date_gmt":"2024-06-11T13:09:23","guid":{"rendered":"https:\/\/maglificiomarilina.com\/cycle-de-production\/"},"modified":"2024-10-14T09:31:34","modified_gmt":"2024-10-14T07:31:34","slug":"cycle-de-production","status":"publish","type":"page","link":"https:\/\/www.maglificiomarilina.com\/fr\/cycle-de-production\/","title":{"rendered":"Cycle de production"},"content":{"rendered":"\t\t<div data-elementor-type=\"wp-page\" data-elementor-id=\"584\" class=\"elementor elementor-584 elementor-13\" data-elementor-post-type=\"page\">\n\t\t\t\t<div class=\"elementor-element elementor-element-d263386 e-flex e-con-boxed e-con e-parent\" data-id=\"d263386\" data-element_type=\"container\" data-settings=\"{&quot;background_background&quot;:&quot;classic&quot;}\">\n\t\t\t\t\t<div class=\"e-con-inner\">\n\t\t\t\t<div class=\"elementor-element elementor-element-8260fd3 elementor-widget elementor-widget-spacer\" data-id=\"8260fd3\" data-element_type=\"widget\" data-widget_type=\"spacer.default\">\n\t\t\t\t<div class=\"elementor-widget-container\">\n\t\t\t<style>\/*! elementor - v3.23.0 - 25-07-2024 *\/\n.elementor-column .elementor-spacer-inner{height:var(--spacer-size)}.e-con{--container-widget-width:100%}.e-con-inner>.elementor-widget-spacer,.e-con>.elementor-widget-spacer{width:var(--container-widget-width,var(--spacer-size));--align-self:var(--container-widget-align-self,initial);--flex-shrink:0}.e-con-inner>.elementor-widget-spacer>.elementor-widget-container,.e-con>.elementor-widget-spacer>.elementor-widget-container{height:100%;width:100%}.e-con-inner>.elementor-widget-spacer>.elementor-widget-container>.elementor-spacer,.e-con>.elementor-widget-spacer>.elementor-widget-container>.elementor-spacer{height:100%}.e-con-inner>.elementor-widget-spacer>.elementor-widget-container>.elementor-spacer>.elementor-spacer-inner,.e-con>.elementor-widget-spacer>.elementor-widget-container>.elementor-spacer>.elementor-spacer-inner{height:var(--container-widget-height,var(--spacer-size))}.e-con-inner>.elementor-widget-spacer.elementor-widget-empty,.e-con>.elementor-widget-spacer.elementor-widget-empty{position:relative;min-height:22px;min-width:22px}.e-con-inner>.elementor-widget-spacer.elementor-widget-empty .elementor-widget-empty-icon,.e-con>.elementor-widget-spacer.elementor-widget-empty .elementor-widget-empty-icon{position:absolute;top:0;bottom:0;left:0;right:0;margin:auto;padding:0;width:22px;height:22px}<\/style>\t\t<div class=\"elementor-spacer\">\n\t\t\t<div class=\"elementor-spacer-inner\"><\/div>\n\t\t<\/div>\n\t\t\t\t<\/div>\n\t\t\t\t<\/div>\n\t\t\t\t\t<\/div>\n\t\t\t\t<\/div>\n\t\t<div class=\"elementor-element elementor-element-3345c18 e-flex e-con-boxed e-con e-parent\" data-id=\"3345c18\" data-element_type=\"container\">\n\t\t\t\t\t<div class=\"e-con-inner\">\n\t\t\t\t<div class=\"elementor-element elementor-element-16bc744 elementor-widget elementor-widget-heading\" data-id=\"16bc744\" data-element_type=\"widget\" data-widget_type=\"heading.default\">\n\t\t\t\t<div class=\"elementor-widget-container\">\n\t\t\t<style>\/*! elementor - v3.23.0 - 25-07-2024 *\/\n.elementor-heading-title{padding:0;margin:0;line-height:1}.elementor-widget-heading .elementor-heading-title[class*=elementor-size-]>a{color:inherit;font-size:inherit;line-height:inherit}.elementor-widget-heading .elementor-heading-title.elementor-size-small{font-size:15px}.elementor-widget-heading .elementor-heading-title.elementor-size-medium{font-size:19px}.elementor-widget-heading .elementor-heading-title.elementor-size-large{font-size:29px}.elementor-widget-heading .elementor-heading-title.elementor-size-xl{font-size:39px}.elementor-widget-heading .elementor-heading-title.elementor-size-xxl{font-size:59px}<\/style><h1 class=\"elementor-heading-title elementor-size-default\">CYCLE DE PRODUCTION<\/h1>\t\t<\/div>\n\t\t\t\t<\/div>\n\t\t\t\t<div class=\"elementor-element elementor-element-9221b8d elementor-widget elementor-widget-heading\" data-id=\"9221b8d\" data-element_type=\"widget\" data-widget_type=\"heading.default\">\n\t\t\t\t<div class=\"elementor-widget-container\">\n\t\t\t<h2 class=\"elementor-heading-title elementor-size-default\">EXPERTISE ARTISANALE \u00c0 SON APOG\u00c9E<\/h2>\t\t<\/div>\n\t\t\t\t<\/div>\n\t\t\t\t<div class=\"elementor-element elementor-element-63b722f elementor-widget elementor-widget-text-editor\" data-id=\"63b722f\" data-element_type=\"widget\" data-widget_type=\"text-editor.default\">\n\t\t\t\t<div class=\"elementor-widget-container\">\n\t\t\t<style>\/*! elementor - v3.23.0 - 25-07-2024 *\/\n.elementor-widget-text-editor.elementor-drop-cap-view-stacked .elementor-drop-cap{background-color:#69727d;color:#fff}.elementor-widget-text-editor.elementor-drop-cap-view-framed .elementor-drop-cap{color:#69727d;border:3px solid;background-color:transparent}.elementor-widget-text-editor:not(.elementor-drop-cap-view-default) .elementor-drop-cap{margin-top:8px}.elementor-widget-text-editor:not(.elementor-drop-cap-view-default) .elementor-drop-cap-letter{width:1em;height:1em}.elementor-widget-text-editor .elementor-drop-cap{float:left;text-align:center;line-height:1;font-size:50px}.elementor-widget-text-editor .elementor-drop-cap-letter{display:inline-block}<\/style>\t\t\t\t<p>Au c\u0153ur de notre si\u00e8ge, le cycle de production prend vie, travaillant avec pr\u00e9cision et d\u00e9vouement pour garantir la plus haute qualit\u00e9 et confidentialit\u00e9 \u00e0 chaque client. Guid\u00e9s par l&rsquo;esprit cr\u00e9atif de nos stylistes, nous s\u00e9lectionnons avec soin les mat\u00e9riaux les plus raffin\u00e9s et choisissons le type de machinerie, qu&rsquo;elle soit manuelle ou \u00e9lectronique, pour cr\u00e9er des v\u00eatements uniques et inimitables.<\/p>\n<p>Gr\u00e2ce \u00e0 un processus de tricotage, nos experts produisent les meilleurs tissus, qui sont ensuite travaill\u00e9s \u00e0 la main dans le d\u00e9partement de raccommodage, o\u00f9 ils sont b\u00e2tis, lav\u00e9s et repass\u00e9s avec soin en utilisant des techniques traditionnelles ou des presses \u00e0 vapeur modernes. Chaque \u00e9tape est supervis\u00e9e par des tricoteuses exp\u00e9riment\u00e9es qui \u00e9valuent attentivement la douceur et la qualit\u00e9 des tissus.<\/p>\n<p>En \u00e9troite collaboration avec les stylistes, nous d\u00e9finissons les mesures et les m\u00e9thodes de traitement, qui peuvent \u00eatre effectu\u00e9es \u00e0 l&rsquo;aide de machines sp\u00e9cialis\u00e9es ou par une coupe artisanale du tissu. Une fois la phase de tricotage termin\u00e9e, les tissus sont soigneusement contr\u00f4l\u00e9s et assembl\u00e9s \u00e0 la main dans le d\u00e9partement de raccommodage, o\u00f9 ils sont finis avec pr\u00e9cision par des coutures \u00ab\u00a0point par point\u00a0\u00bb.<\/p>\n<p>Apr\u00e8s d&rsquo;autres contr\u00f4les de qualit\u00e9 et lavages, les v\u00eatements subissent une inspection finale utilisant des \u00ab\u00a0poup\u00e9es lumineuses\u00a0\u00bb sp\u00e9ciales pour garantir la perfection dans chaque d\u00e9tail. Suit la phase de finition, la couture des \u00e9tiquettes avec les indications de soin et de lavage, \u00e9galement r\u00e9alis\u00e9e strictement \u00e0 la main, et enfin l&#8217;emballage du produit fini.<\/p>\n<p>Notre cycle de production repr\u00e9sente l&rsquo;essence m\u00eame de l&rsquo;artisanat italien, o\u00f9 chaque \u00e9tape est r\u00e9alis\u00e9e avec ma\u00eetrise et passion, cr\u00e9ant des v\u00eatements de haute couture qui refl\u00e8tent notre engagement pour l&rsquo;excellence et la perfection artisanale.<\/p>\n\t\t\t\t\t\t<\/div>\n\t\t\t\t<\/div>\n\t\t\t\t\t<\/div>\n\t\t\t\t<\/div>\n\t\t\t\t<\/div>\n\t\t","protected":false},"excerpt":{"rendered":"<p>CYCLE DE PRODUCTION EXPERTISE ARTISANALE \u00c0 SON APOG\u00c9E Au c\u0153ur de notre si\u00e8ge, le cycle de production prend vie, travaillant avec pr\u00e9cision et d\u00e9vouement pour garantir la plus haute qualit\u00e9 et confidentialit\u00e9 \u00e0 chaque client. Guid\u00e9s par l&rsquo;esprit cr\u00e9atif de nos stylistes, nous s\u00e9lectionnons avec soin les mat\u00e9riaux les plus raffin\u00e9s et choisissons le type [&hellip;]<\/p>\n","protected":false},"author":1,"featured_media":0,"parent":0,"menu_order":0,"comment_status":"closed","ping_status":"closed","template":"","meta":{"footnotes":""},"class_list":["post-584","page","type-page","status-publish","hentry"],"_links":{"self":[{"href":"https:\/\/www.maglificiomarilina.com\/fr\/wp-json\/wp\/v2\/pages\/584","targetHints":{"allow":["GET"]}}],"collection":[{"href":"https:\/\/www.maglificiomarilina.com\/fr\/wp-json\/wp\/v2\/pages"}],"about":[{"href":"https:\/\/www.maglificiomarilina.com\/fr\/wp-json\/wp\/v2\/types\/page"}],"author":[{"embeddable":true,"href":"https:\/\/www.maglificiomarilina.com\/fr\/wp-json\/wp\/v2\/users\/1"}],"replies":[{"embeddable":true,"href":"https:\/\/www.maglificiomarilina.com\/fr\/wp-json\/wp\/v2\/comments?post=584"}],"version-history":[{"count":7,"href":"https:\/\/www.maglificiomarilina.com\/fr\/wp-json\/wp\/v2\/pages\/584\/revisions"}],"predecessor-version":[{"id":762,"href":"https:\/\/www.maglificiomarilina.com\/fr\/wp-json\/wp\/v2\/pages\/584\/revisions\/762"}],"wp:attachment":[{"href":"https:\/\/www.maglificiomarilina.com\/fr\/wp-json\/wp\/v2\/media?parent=584"}],"curies":[{"name":"wp","href":"https:\/\/api.w.org\/{rel}","templated":true}]}}