{"id":586,"date":"2024-06-11T15:09:42","date_gmt":"2024-06-11T13:09:42","guid":{"rendered":"https:\/\/maglificiomarilina.com\/creations\/"},"modified":"2024-10-14T09:32:39","modified_gmt":"2024-10-14T07:32:39","slug":"creations","status":"publish","type":"page","link":"https:\/\/www.maglificiomarilina.com\/fr\/creations\/","title":{"rendered":"Cr\u00e9ations"},"content":{"rendered":"\t\t<div data-elementor-type=\"wp-page\" data-elementor-id=\"586\" class=\"elementor elementor-586 elementor-15\" data-elementor-post-type=\"page\">\n\t\t\t\t<div class=\"elementor-element elementor-element-e0e2be2 e-flex e-con-boxed e-con e-parent\" data-id=\"e0e2be2\" data-element_type=\"container\" data-settings=\"{&quot;background_background&quot;:&quot;classic&quot;}\">\n\t\t\t\t\t<div class=\"e-con-inner\">\n\t\t\t\t<div class=\"elementor-element elementor-element-c7f5126 elementor-widget elementor-widget-spacer\" data-id=\"c7f5126\" data-element_type=\"widget\" data-widget_type=\"spacer.default\">\n\t\t\t\t<div class=\"elementor-widget-container\">\n\t\t\t<style>\/*! elementor - v3.23.0 - 25-07-2024 *\/\n.elementor-column .elementor-spacer-inner{height:var(--spacer-size)}.e-con{--container-widget-width:100%}.e-con-inner>.elementor-widget-spacer,.e-con>.elementor-widget-spacer{width:var(--container-widget-width,var(--spacer-size));--align-self:var(--container-widget-align-self,initial);--flex-shrink:0}.e-con-inner>.elementor-widget-spacer>.elementor-widget-container,.e-con>.elementor-widget-spacer>.elementor-widget-container{height:100%;width:100%}.e-con-inner>.elementor-widget-spacer>.elementor-widget-container>.elementor-spacer,.e-con>.elementor-widget-spacer>.elementor-widget-container>.elementor-spacer{height:100%}.e-con-inner>.elementor-widget-spacer>.elementor-widget-container>.elementor-spacer>.elementor-spacer-inner,.e-con>.elementor-widget-spacer>.elementor-widget-container>.elementor-spacer>.elementor-spacer-inner{height:var(--container-widget-height,var(--spacer-size))}.e-con-inner>.elementor-widget-spacer.elementor-widget-empty,.e-con>.elementor-widget-spacer.elementor-widget-empty{position:relative;min-height:22px;min-width:22px}.e-con-inner>.elementor-widget-spacer.elementor-widget-empty .elementor-widget-empty-icon,.e-con>.elementor-widget-spacer.elementor-widget-empty .elementor-widget-empty-icon{position:absolute;top:0;bottom:0;left:0;right:0;margin:auto;padding:0;width:22px;height:22px}<\/style>\t\t<div class=\"elementor-spacer\">\n\t\t\t<div class=\"elementor-spacer-inner\"><\/div>\n\t\t<\/div>\n\t\t\t\t<\/div>\n\t\t\t\t<\/div>\n\t\t\t\t\t<\/div>\n\t\t\t\t<\/div>\n\t\t<div class=\"elementor-element elementor-element-b613c9b e-flex e-con-boxed e-con e-parent\" data-id=\"b613c9b\" data-element_type=\"container\">\n\t\t\t\t\t<div class=\"e-con-inner\">\n\t\t\t\t<div class=\"elementor-element elementor-element-d1806be elementor-widget elementor-widget-heading\" data-id=\"d1806be\" data-element_type=\"widget\" data-widget_type=\"heading.default\">\n\t\t\t\t<div class=\"elementor-widget-container\">\n\t\t\t<style>\/*! elementor - v3.23.0 - 25-07-2024 *\/\n.elementor-heading-title{padding:0;margin:0;line-height:1}.elementor-widget-heading .elementor-heading-title[class*=elementor-size-]>a{color:inherit;font-size:inherit;line-height:inherit}.elementor-widget-heading .elementor-heading-title.elementor-size-small{font-size:15px}.elementor-widget-heading .elementor-heading-title.elementor-size-medium{font-size:19px}.elementor-widget-heading .elementor-heading-title.elementor-size-large{font-size:29px}.elementor-widget-heading .elementor-heading-title.elementor-size-xl{font-size:39px}.elementor-widget-heading .elementor-heading-title.elementor-size-xxl{font-size:59px}<\/style><h1 class=\"elementor-heading-title elementor-size-default\">CR\u00c9ATIONS<\/h1>\t\t<\/div>\n\t\t\t\t<\/div>\n\t\t\t\t<div class=\"elementor-element elementor-element-d9549d7 elementor-widget elementor-widget-heading\" data-id=\"d9549d7\" data-element_type=\"widget\" data-widget_type=\"heading.default\">\n\t\t\t\t<div class=\"elementor-widget-container\">\n\t\t\t<h2 class=\"elementor-heading-title elementor-size-default\">CR\u00c9ATIONS QUI INSPIRENT ET SURPRENNENT<\/h2>\t\t<\/div>\n\t\t\t\t<\/div>\n\t\t\t\t<div class=\"elementor-element elementor-element-e431f1d elementor-widget elementor-widget-text-editor\" data-id=\"e431f1d\" data-element_type=\"widget\" data-widget_type=\"text-editor.default\">\n\t\t\t\t<div class=\"elementor-widget-container\">\n\t\t\t<style>\/*! elementor - v3.23.0 - 25-07-2024 *\/\n.elementor-widget-text-editor.elementor-drop-cap-view-stacked .elementor-drop-cap{background-color:#69727d;color:#fff}.elementor-widget-text-editor.elementor-drop-cap-view-framed .elementor-drop-cap{color:#69727d;border:3px solid;background-color:transparent}.elementor-widget-text-editor:not(.elementor-drop-cap-view-default) .elementor-drop-cap{margin-top:8px}.elementor-widget-text-editor:not(.elementor-drop-cap-view-default) .elementor-drop-cap-letter{width:1em;height:1em}.elementor-widget-text-editor .elementor-drop-cap{float:left;text-align:center;line-height:1;font-size:50px}.elementor-widget-text-editor .elementor-drop-cap-letter{display:inline-block}<\/style>\t\t\t\t<p>Au Maglificio Marilina, notre passion pour l&rsquo;art de la maille se traduit par des cr\u00e9ations extraordinaires qui d\u00e9finissent le style et l&rsquo;\u00e9l\u00e9gance. Sp\u00e9cialis\u00e9s dans la production de tricots ext\u00e9rieurs et de maille fine avec une large gamme de jauges (14-16-18-20) sur des m\u00e9tiers \u00e0 coton et des machines \u00e0 tricoter rectilignes \u00e9lectroniques, nous nous effor\u00e7ons constamment de d\u00e9passer toutes les attentes.<\/p>\n<p>Notre excellence est le r\u00e9sultat de plus de quarante professionnels hautement qualifi\u00e9s qui allient habilement la tradition artisanale aux derni\u00e8res connaissances techniques. Chaque ann\u00e9e, cette \u00e9quipe d\u00e9vou\u00e9e donne vie \u00e0 plus de 150 000 pi\u00e8ces de maille, des cr\u00e9ations les plus simples aux \u0153uvres les plus \u00e9labor\u00e9es, capables de r\u00e9pondre aux besoins de chaque client, qu&rsquo;il s&rsquo;agisse d&rsquo;un particulier ou d&rsquo;un styliste de renomm\u00e9e internationale.<\/p>\n<p>Au Maglificio Marilina, nous collaborons directement avec les stylistes des plus grandes marques pour cr\u00e9er des v\u00eatements uniques et distinctifs pour les d\u00e9fil\u00e9s de haute couture. \u00c0 partir des dessins et des mod\u00e8les fournis directement par les stylistes, nous suivons attentivement chaque \u00e9tape du processus cr\u00e9atif, de la conception du croquis \u00e0 la livraison du produit fini.<\/p>\n<p>Nous croyons fermement que chaque v\u00eatement doit r\u00e9sulter d&rsquo;une recherche minutieuse du fil et d&rsquo;un processus d&rsquo;exp\u00e9rimentation et de perfectionnement soign\u00e9 dans les moindres d\u00e9tails, refl\u00e9tant ainsi l&rsquo;excellence artisanale de la couture qui caract\u00e9rise le Made in Italy. Avec le Maglificio Marilina, d\u00e9couvrez le plaisir de poss\u00e9der des pi\u00e8ces uniques qui incarnent l&rsquo;esprit de la haute couture italienne.<\/p>\n\t\t\t\t\t\t<\/div>\n\t\t\t\t<\/div>\n\t\t\t\t\t<\/div>\n\t\t\t\t<\/div>\n\t\t<div class=\"elementor-element elementor-element-2a5aee5 e-flex e-con-boxed e-con e-parent\" data-id=\"2a5aee5\" data-element_type=\"container\">\n\t\t\t\t\t<div class=\"e-con-inner\">\n\t\t\t\t<div class=\"elementor-element elementor-element-01c2e1e elementor-widget elementor-widget-ucaddon_uc_slider_image\" data-id=\"01c2e1e\" data-element_type=\"widget\" data-widget_type=\"ucaddon_uc_slider_image.default\">\n\t\t\t\t<div class=\"elementor-widget-container\">\n\t\t\t\n<!-- start Slider Gallery -->\n\t\t<link id='unitegallery-css' href='https:\/\/www.maglificiomarilina.com\/wp-content\/plugins\/unlimited-elements-for-elementor-premium\/assets_libraries\/unitegallery\/css\/unite-gallery.css' type='text\/css' rel='stylesheet' >\n\n<style>\/* widget: Slider Gallery *\/\n\n#uc_uc_slider_image_elementor_01c2e1e\n{\n  overflow:hidden;\n}\n\n#uc_uc_slider_image_elementor_01c2e1e-wrapper\n{\n  min-height:1px;\n}\n\n<\/style>\n\n<div id=\"uc_uc_slider_image_elementor_01c2e1e-wrapper\">\n<div id=\"uc_uc_slider_image_elementor_01c2e1e\" class=\"uc-items-wrapper  uc-remote-parent \" style=\"display:none; margin:0 auto;\"  data-remoteid='first' data-widgetname='Slider Gallery' data-remote-type=\"gallery\" data-custom-sethtml=\"true\" >\n\n\n<img decoding=\"async\" alt=\"\"\n   src=\"https:\/\/www.maglificiomarilina.com\/wp-content\/uploads\/2024\/07\/1-768x768.jpg\"\n    data-image=\"https:\/\/www.maglificiomarilina.com\/wp-content\/uploads\/2024\/07\/1-1024x1024.jpg\">\n\n<img decoding=\"async\" alt=\"\"\n   src=\"https:\/\/www.maglificiomarilina.com\/wp-content\/uploads\/2024\/07\/2-768x768.jpg\"\n    data-image=\"https:\/\/www.maglificiomarilina.com\/wp-content\/uploads\/2024\/07\/2-1024x1024.jpg\">\n\n<img decoding=\"async\" alt=\"\"\n   src=\"https:\/\/www.maglificiomarilina.com\/wp-content\/uploads\/2024\/07\/3-768x768.jpg\"\n    data-image=\"https:\/\/www.maglificiomarilina.com\/wp-content\/uploads\/2024\/07\/3-1024x1024.jpg\">\n\n<img decoding=\"async\" alt=\"\"\n   src=\"https:\/\/www.maglificiomarilina.com\/wp-content\/uploads\/2024\/07\/4-768x768.jpg\"\n    data-image=\"https:\/\/www.maglificiomarilina.com\/wp-content\/uploads\/2024\/07\/4-1024x1024.jpg\">\n\n<img decoding=\"async\" alt=\"\"\n   src=\"https:\/\/www.maglificiomarilina.com\/wp-content\/uploads\/2024\/07\/5-768x768.jpg\"\n    data-image=\"https:\/\/www.maglificiomarilina.com\/wp-content\/uploads\/2024\/07\/5-1024x1024.jpg\">\n\n<img decoding=\"async\" alt=\"\"\n   src=\"https:\/\/www.maglificiomarilina.com\/wp-content\/uploads\/2024\/07\/6-768x768.jpg\"\n    data-image=\"https:\/\/www.maglificiomarilina.com\/wp-content\/uploads\/2024\/07\/6-1024x1024.jpg\">\n\n<img decoding=\"async\" alt=\"\"\n   src=\"https:\/\/www.maglificiomarilina.com\/wp-content\/uploads\/2024\/07\/7-768x768.jpg\"\n    data-image=\"https:\/\/www.maglificiomarilina.com\/wp-content\/uploads\/2024\/07\/7-1024x1024.jpg\">\n\n<img decoding=\"async\" alt=\"\"\n   src=\"https:\/\/www.maglificiomarilina.com\/wp-content\/uploads\/2024\/07\/8-768x768.jpg\"\n    data-image=\"https:\/\/www.maglificiomarilina.com\/wp-content\/uploads\/2024\/07\/8-1024x1024.jpg\">\n\n<img decoding=\"async\" alt=\"\"\n   src=\"https:\/\/www.maglificiomarilina.com\/wp-content\/uploads\/2024\/07\/9-768x768.jpg\"\n    data-image=\"https:\/\/www.maglificiomarilina.com\/wp-content\/uploads\/2024\/07\/9-1024x1024.jpg\">\n\n<img decoding=\"async\" alt=\"\"\n   src=\"https:\/\/www.maglificiomarilina.com\/wp-content\/uploads\/2024\/07\/10-768x779.jpg\"\n    data-image=\"https:\/\/www.maglificiomarilina.com\/wp-content\/uploads\/2024\/07\/10-1009x1024.jpg\">\n\n<img decoding=\"async\" alt=\"\"\n   src=\"https:\/\/www.maglificiomarilina.com\/wp-content\/uploads\/2024\/07\/11-768x768.jpg\"\n    data-image=\"https:\/\/www.maglificiomarilina.com\/wp-content\/uploads\/2024\/07\/11-1024x1024.jpg\">\n\n  \n<\/div>\n<\/div>\n<!-- end Slider Gallery -->\t\t<\/div>\n\t\t\t\t<\/div>\n\t\t\t\t<div class=\"elementor-element elementor-element-1271450 elementor-widget elementor-widget-ucaddon_remote_item_navigation\" data-id=\"1271450\" data-element_type=\"widget\" data-widget_type=\"ucaddon_remote_item_navigation.default\">\n\t\t\t\t<div class=\"elementor-widget-container\">\n\t\t\t\n<!-- start Remote Item Navigation -->\n<style>\/* widget: Remote Item Navigation *\/\n\n#uc_remote_item_navigation_elementor_1271450\n{\n  display:flex;\n  flex-wrap: wrap;\n  position: relative;\n}\n\n#uc_remote_item_navigation_elementor_1271450 .ue-items-wrapper{\n  display:flex;\n  flex-wrap: wrap;\n  transition: all .3s;\n}\n\n#uc_remote_item_navigation_elementor_1271450 .ue-item-button\n{\n  display:flex;\n  cursor:pointer;\n  transition:0.3s;\n}\n\n#uc_remote_item_navigation_elementor_1271450 .ue-item-hero\n{\n  display:flex;\n  justify-content:center;\n  align-items:center;\n  position:relative;\n  transition:0.3s;\n}\n\n#uc_remote_item_navigation_elementor_1271450 .ue-item-hero svg\n{\n  height:1em;\n  width:1em;\n  transition:0.3s;\n}\n\n#uc_remote_item_navigation_elementor_1271450 .ue-item-hero .ue-item-hero-label\n{\n  position:absolute;\n  left:0px;\n  top:0px;\n  display:flex;\n  justify-content:center;\n  align-items:center;\n  transition:0.3s;\n}\n\n#uc_remote_item_navigation_elementor_1271450 .ue-item-hero-img\n{\n  top:50%;\n  left:50%;\n  transform: translate(-50%, -50%);\n  position:absolute;\n  transition:0.3s;\n}\n\n#uc_remote_item_navigation_elementor_1271450 .remote_item_navigation-arrows{\n  display: none;\n}\n\n#uc_remote_item_navigation_elementor_1271450 .remote_item_navigation-next,\n#uc_remote_item_navigation_elementor_1271450 .remote_item_navigation-prev{\n  cursor: pointer;\n  position: absolute;\n  z-index: 1;\n  display: flex;\n  justify-content: center;\n  align-items: center;\n  transition: all .3s;\n}\n\n\n\n.ue-item-hero-label\n{\n  line-height:1em; \n  font-size:10px;\n  transition:0.3s;\n}\n\n.ue-item-hero-icon\n{\n  position:relative;\n  transition:0.3s;\n}\n\n.ue-item-button-title\n{\n  transition:0.3s;\n}\n\n\n@media only screen and (max-width: 768px){\n\n  #uc_remote_item_navigation_elementor_1271450 .remote_item_navigation-arrows{\n    display: block;\n  }\n\n}\n\n@media only screen and (max-width: 768px){\n\t    \n  \t\n}\n\n<\/style>\n\n<div id=\"uc_remote_item_navigation_elementor_1271450\" class=\"remote_item_navigation\"  data-parentid='first' data-hash=\"false\">\n  \n  \t\n\n  <div class=\"ue-items-wrapper\">\n  \t<div class=\"ue-item-button elementor-repeater-item-e02e895 \" data-numitem=\"1\">\n  <div class=\"ue-item-hero\">\n    \n            <img fetchpriority=\"high\" decoding=\"async\" class=\"ue-item-hero-img\" src=\"https:\/\/www.maglificiomarilina.com\/wp-content\/uploads\/2024\/07\/1-2-768x768.jpg\"  src=\"https:\/\/www.maglificiomarilina.com\/wp-content\/uploads\/2024\/07\/1-2-768x768.jpg\" alt=\"1 2\" width=\"768\" height=\"768\">  \n        \n    \n        \n        \n    \n  <\/div>\n  \n  <\/div>\n<div class=\"ue-item-button elementor-repeater-item-1958dbd \" data-numitem=\"2\">\n  <div class=\"ue-item-hero\">\n    \n            <img decoding=\"async\" class=\"ue-item-hero-img\" src=\"https:\/\/www.maglificiomarilina.com\/wp-content\/uploads\/2024\/07\/2-2.jpg\"  src=\"https:\/\/www.maglificiomarilina.com\/wp-content\/uploads\/2024\/07\/2-2.jpg\" alt=\"2 2\" width=\"579\" height=\"580\">  \n        \n    \n        \n        \n    \n  <\/div>\n  \n  <\/div>\n<div class=\"ue-item-button elementor-repeater-item-77fea71 \" data-numitem=\"3\">\n  <div class=\"ue-item-hero\">\n    \n            <img decoding=\"async\" class=\"ue-item-hero-img\" src=\"https:\/\/www.maglificiomarilina.com\/wp-content\/uploads\/2024\/07\/3-2-768x768.jpg\"  src=\"https:\/\/www.maglificiomarilina.com\/wp-content\/uploads\/2024\/07\/3-2-768x768.jpg\" alt=\"3 2\" width=\"768\" height=\"768\">  \n        \n    \n        \n        \n    \n  <\/div>\n  \n  <\/div>\n<div class=\"ue-item-button elementor-repeater-item-416b7ff \" data-numitem=\"4\">\n  <div class=\"ue-item-hero\">\n    \n            <img loading=\"lazy\" decoding=\"async\" class=\"ue-item-hero-img\" src=\"https:\/\/www.maglificiomarilina.com\/wp-content\/uploads\/2024\/07\/4-2.jpg\"  src=\"https:\/\/www.maglificiomarilina.com\/wp-content\/uploads\/2024\/07\/4-2.jpg\" alt=\"4 2\" width=\"480\" height=\"479\">  \n        \n    \n        \n        \n    \n  <\/div>\n  \n  <\/div>\n<div class=\"ue-item-button elementor-repeater-item-9a4bd7c \" data-numitem=\"5\">\n  <div class=\"ue-item-hero\">\n    \n            <img loading=\"lazy\" decoding=\"async\" class=\"ue-item-hero-img\" src=\"https:\/\/www.maglificiomarilina.com\/wp-content\/uploads\/2024\/07\/5-2-768x768.jpg\"  src=\"https:\/\/www.maglificiomarilina.com\/wp-content\/uploads\/2024\/07\/5-2-768x768.jpg\" alt=\"5 2\" width=\"768\" height=\"768\">  \n        \n    \n        \n        \n    \n  <\/div>\n  \n  <\/div>\n<div class=\"ue-item-button elementor-repeater-item-8ef9fca \" data-numitem=\"6\">\n  <div class=\"ue-item-hero\">\n    \n            <img loading=\"lazy\" decoding=\"async\" class=\"ue-item-hero-img\" src=\"https:\/\/www.maglificiomarilina.com\/wp-content\/uploads\/2024\/07\/6-2.jpg\"  src=\"https:\/\/www.maglificiomarilina.com\/wp-content\/uploads\/2024\/07\/6-2.jpg\" alt=\"6 2\" width=\"666\" height=\"666\">  \n        \n    \n        \n        \n    \n  <\/div>\n  \n  <\/div>\n<div class=\"ue-item-button elementor-repeater-item-4d0a22b \" data-numitem=\"7\">\n  <div class=\"ue-item-hero\">\n    \n            <img loading=\"lazy\" decoding=\"async\" class=\"ue-item-hero-img\" src=\"https:\/\/www.maglificiomarilina.com\/wp-content\/uploads\/2024\/07\/7-2.jpg\"  src=\"https:\/\/www.maglificiomarilina.com\/wp-content\/uploads\/2024\/07\/7-2.jpg\" alt=\"7 2\" width=\"540\" height=\"540\">  \n        \n    \n        \n        \n    \n  <\/div>\n  \n  <\/div>\n<div class=\"ue-item-button elementor-repeater-item-2f154e7 \" data-numitem=\"8\">\n  <div class=\"ue-item-hero\">\n    \n            <img loading=\"lazy\" decoding=\"async\" class=\"ue-item-hero-img\" src=\"https:\/\/www.maglificiomarilina.com\/wp-content\/uploads\/2024\/07\/8-2.jpg\"  src=\"https:\/\/www.maglificiomarilina.com\/wp-content\/uploads\/2024\/07\/8-2.jpg\" alt=\"8 2\" width=\"455\" height=\"455\">  \n        \n    \n        \n        \n    \n  <\/div>\n  \n  <\/div>\n<div class=\"ue-item-button elementor-repeater-item-89d1d21 \" data-numitem=\"9\">\n  <div class=\"ue-item-hero\">\n    \n            <img loading=\"lazy\" decoding=\"async\" class=\"ue-item-hero-img\" src=\"https:\/\/www.maglificiomarilina.com\/wp-content\/uploads\/2024\/07\/9-2.jpg\"  src=\"https:\/\/www.maglificiomarilina.com\/wp-content\/uploads\/2024\/07\/9-2.jpg\" alt=\"9 2\" width=\"423\" height=\"423\">  \n        \n    \n        \n        \n    \n  <\/div>\n  \n  <\/div>\n<div class=\"ue-item-button elementor-repeater-item-9e0de59 \" data-numitem=\"10\">\n  <div class=\"ue-item-hero\">\n    \n            <img loading=\"lazy\" decoding=\"async\" class=\"ue-item-hero-img\" src=\"https:\/\/www.maglificiomarilina.com\/wp-content\/uploads\/2024\/07\/10-2-768x768.jpg\"  src=\"https:\/\/www.maglificiomarilina.com\/wp-content\/uploads\/2024\/07\/10-2-768x768.jpg\" alt=\"10 2\" width=\"768\" height=\"768\">  \n        \n    \n        \n        \n    \n  <\/div>\n  \n  <\/div>\n<div class=\"ue-item-button elementor-repeater-item-1f3ebdb \" data-numitem=\"11\">\n  <div class=\"ue-item-hero\">\n    \n            <img loading=\"lazy\" decoding=\"async\" class=\"ue-item-hero-img\" src=\"https:\/\/www.maglificiomarilina.com\/wp-content\/uploads\/2024\/07\/11-2-768x768.jpg\"  src=\"https:\/\/www.maglificiomarilina.com\/wp-content\/uploads\/2024\/07\/11-2-768x768.jpg\" alt=\"11 2\" width=\"768\" height=\"768\">  \n        \n    \n        \n        \n    \n  <\/div>\n  \n  <\/div>\n\n  <\/div>  \n  \n<\/div>\n<!-- end Remote Item Navigation -->\t\t<\/div>\n\t\t\t\t<\/div>\n\t\t\t\t\t<\/div>\n\t\t\t\t<\/div>\n\t\t\t\t<\/div>\n\t\t","protected":false},"excerpt":{"rendered":"<p>CR\u00c9ATIONS CR\u00c9ATIONS QUI INSPIRENT ET SURPRENNENT Au Maglificio Marilina, notre passion pour l&rsquo;art de la maille se traduit par des cr\u00e9ations extraordinaires qui d\u00e9finissent le style et l&rsquo;\u00e9l\u00e9gance. Sp\u00e9cialis\u00e9s dans la production de tricots ext\u00e9rieurs et de maille fine avec une large gamme de jauges (14-16-18-20) sur des m\u00e9tiers \u00e0 coton et des machines \u00e0 [&hellip;]<\/p>\n","protected":false},"author":1,"featured_media":0,"parent":0,"menu_order":0,"comment_status":"closed","ping_status":"closed","template":"","meta":{"footnotes":""},"class_list":["post-586","page","type-page","status-publish","hentry"],"_links":{"self":[{"href":"https:\/\/www.maglificiomarilina.com\/fr\/wp-json\/wp\/v2\/pages\/586","targetHints":{"allow":["GET"]}}],"collection":[{"href":"https:\/\/www.maglificiomarilina.com\/fr\/wp-json\/wp\/v2\/pages"}],"about":[{"href":"https:\/\/www.maglificiomarilina.com\/fr\/wp-json\/wp\/v2\/types\/page"}],"author":[{"embeddable":true,"href":"https:\/\/www.maglificiomarilina.com\/fr\/wp-json\/wp\/v2\/users\/1"}],"replies":[{"embeddable":true,"href":"https:\/\/www.maglificiomarilina.com\/fr\/wp-json\/wp\/v2\/comments?post=586"}],"version-history":[{"count":5,"href":"https:\/\/www.maglificiomarilina.com\/fr\/wp-json\/wp\/v2\/pages\/586\/revisions"}],"predecessor-version":[{"id":772,"href":"https:\/\/www.maglificiomarilina.com\/fr\/wp-json\/wp\/v2\/pages\/586\/revisions\/772"}],"wp:attachment":[{"href":"https:\/\/www.maglificiomarilina.com\/fr\/wp-json\/wp\/v2\/media?parent=586"}],"curies":[{"name":"wp","href":"https:\/\/api.w.org\/{rel}","templated":true}]}}