{"id":588,"date":"2024-06-11T15:09:57","date_gmt":"2024-06-11T13:09:57","guid":{"rendered":"https:\/\/maglificiomarilina.com\/durabilite\/"},"modified":"2025-04-04T17:29:14","modified_gmt":"2025-04-04T15:29:14","slug":"durabilite","status":"publish","type":"page","link":"https:\/\/www.maglificiomarilina.com\/fr\/durabilite\/","title":{"rendered":"Durabilit\u00e9"},"content":{"rendered":"\t\t<div data-elementor-type=\"wp-page\" data-elementor-id=\"588\" class=\"elementor elementor-588 elementor-17\" data-elementor-post-type=\"page\">\n\t\t\t\t<div class=\"elementor-element elementor-element-5ee41f2 e-flex e-con-boxed e-con e-parent\" data-id=\"5ee41f2\" data-element_type=\"container\" data-settings=\"{&quot;background_background&quot;:&quot;classic&quot;}\">\n\t\t\t\t\t<div class=\"e-con-inner\">\n\t\t\t\t<div class=\"elementor-element elementor-element-c48227c elementor-widget elementor-widget-spacer\" data-id=\"c48227c\" data-element_type=\"widget\" data-widget_type=\"spacer.default\">\n\t\t\t\t<div class=\"elementor-widget-container\">\n\t\t\t<style>\/*! elementor - v3.23.0 - 25-07-2024 *\/\n.elementor-column .elementor-spacer-inner{height:var(--spacer-size)}.e-con{--container-widget-width:100%}.e-con-inner>.elementor-widget-spacer,.e-con>.elementor-widget-spacer{width:var(--container-widget-width,var(--spacer-size));--align-self:var(--container-widget-align-self,initial);--flex-shrink:0}.e-con-inner>.elementor-widget-spacer>.elementor-widget-container,.e-con>.elementor-widget-spacer>.elementor-widget-container{height:100%;width:100%}.e-con-inner>.elementor-widget-spacer>.elementor-widget-container>.elementor-spacer,.e-con>.elementor-widget-spacer>.elementor-widget-container>.elementor-spacer{height:100%}.e-con-inner>.elementor-widget-spacer>.elementor-widget-container>.elementor-spacer>.elementor-spacer-inner,.e-con>.elementor-widget-spacer>.elementor-widget-container>.elementor-spacer>.elementor-spacer-inner{height:var(--container-widget-height,var(--spacer-size))}.e-con-inner>.elementor-widget-spacer.elementor-widget-empty,.e-con>.elementor-widget-spacer.elementor-widget-empty{position:relative;min-height:22px;min-width:22px}.e-con-inner>.elementor-widget-spacer.elementor-widget-empty .elementor-widget-empty-icon,.e-con>.elementor-widget-spacer.elementor-widget-empty .elementor-widget-empty-icon{position:absolute;top:0;bottom:0;left:0;right:0;margin:auto;padding:0;width:22px;height:22px}<\/style>\t\t<div class=\"elementor-spacer\">\n\t\t\t<div class=\"elementor-spacer-inner\"><\/div>\n\t\t<\/div>\n\t\t\t\t<\/div>\n\t\t\t\t<\/div>\n\t\t\t\t\t<\/div>\n\t\t\t\t<\/div>\n\t\t<div class=\"elementor-element elementor-element-a0fddac e-flex e-con-boxed e-con e-parent\" data-id=\"a0fddac\" data-element_type=\"container\">\n\t\t\t\t\t<div class=\"e-con-inner\">\n\t\t\t\t<div class=\"elementor-element elementor-element-8f7f485 elementor-widget elementor-widget-heading\" data-id=\"8f7f485\" data-element_type=\"widget\" data-widget_type=\"heading.default\">\n\t\t\t\t<div class=\"elementor-widget-container\">\n\t\t\t<style>\/*! elementor - v3.23.0 - 25-07-2024 *\/\n.elementor-heading-title{padding:0;margin:0;line-height:1}.elementor-widget-heading .elementor-heading-title[class*=elementor-size-]>a{color:inherit;font-size:inherit;line-height:inherit}.elementor-widget-heading .elementor-heading-title.elementor-size-small{font-size:15px}.elementor-widget-heading .elementor-heading-title.elementor-size-medium{font-size:19px}.elementor-widget-heading .elementor-heading-title.elementor-size-large{font-size:29px}.elementor-widget-heading .elementor-heading-title.elementor-size-xl{font-size:39px}.elementor-widget-heading .elementor-heading-title.elementor-size-xxl{font-size:59px}<\/style><h1 class=\"elementor-heading-title elementor-size-default\">DURABILIT\u00c9<\/h1>\t\t<\/div>\n\t\t\t\t<\/div>\n\t\t\t\t<div class=\"elementor-element elementor-element-1796fa7 elementor-widget elementor-widget-heading\" data-id=\"1796fa7\" data-element_type=\"widget\" data-widget_type=\"heading.default\">\n\t\t\t\t<div class=\"elementor-widget-container\">\n\t\t\t<h2 class=\"elementor-heading-title elementor-size-default\">ENGAGEMENT POUR UN AVENIR DURABL<\/h2>\t\t<\/div>\n\t\t\t\t<\/div>\n\t\t\t\t<div class=\"elementor-element elementor-element-000db33 elementor-widget elementor-widget-text-editor\" data-id=\"000db33\" data-element_type=\"widget\" data-widget_type=\"text-editor.default\">\n\t\t\t\t<div class=\"elementor-widget-container\">\n\t\t\t<style>\/*! elementor - v3.23.0 - 25-07-2024 *\/\n.elementor-widget-text-editor.elementor-drop-cap-view-stacked .elementor-drop-cap{background-color:#69727d;color:#fff}.elementor-widget-text-editor.elementor-drop-cap-view-framed .elementor-drop-cap{color:#69727d;border:3px solid;background-color:transparent}.elementor-widget-text-editor:not(.elementor-drop-cap-view-default) .elementor-drop-cap{margin-top:8px}.elementor-widget-text-editor:not(.elementor-drop-cap-view-default) .elementor-drop-cap-letter{width:1em;height:1em}.elementor-widget-text-editor .elementor-drop-cap{float:left;text-align:center;line-height:1;font-size:50px}.elementor-widget-text-editor .elementor-drop-cap-letter{display:inline-block}<\/style>\t\t\t\t<p>Au Maglificio Marilina, nous estimons que r\u00e9pondre aux besoins du pr\u00e9sent ne doit jamais compromettre les ressources des g\u00e9n\u00e9rations futures. Guid\u00e9s par les valeurs d&rsquo;\u00e9thique, de respect de l&rsquo;environnement et de s\u00e9curit\u00e9, nous nous engageons \u00e0 ce que chaque aspect de notre activit\u00e9 refl\u00e8te ces principes.<\/p>\n<p>Chaque ann\u00e9e, nous nous consacrons \u00e0 l&rsquo;am\u00e9lioration continue gr\u00e2ce \u00e0 une gestion int\u00e9gr\u00e9e de la durabilit\u00e9, impliquant l&rsquo;ensemble de notre activit\u00e9 et notre cha\u00eene d&rsquo;approvisionnement. Nous sommes fiers d&rsquo;avoir obtenu les certifications selon les normes 14001 et SA8000 avec Bureau Veritas, leader mondial des services d&rsquo;inspection, de v\u00e9rification de conformit\u00e9 et de certification des produits de haute couture.<\/p>\n<p><strong>\u00c9THIQUE<\/strong><br \/>\nNotre certification SA 8000 depuis 2015 refl\u00e8te notre engagement pour une gestion \u00e9thique qui promeut le respect des r\u00e8gles et le soutien \u00e0 notre personnel pr\u00e9cieux.<\/p>\n<p><strong>ENVIRONNEMENT<\/strong><br \/>\nLe respect de la nature est au c\u0153ur de notre mission. En pratiquant une gestion attentive des d\u00e9chets, en utilisant des sources d&rsquo;\u00e9nergie renouvelables et en investissant constamment dans la modernisation de nos machines pour r\u00e9duire la consommation, nous nous engageons pour un avenir plus vert. Notre adh\u00e9sion \u00e0 Re.Verso nous permet de r\u00e9cup\u00e9rer les d\u00e9chets de fils pr\u00e9cieux et de les transformer en nouveaux produits gr\u00e2ce \u00e0 un processus de production int\u00e9gr\u00e9 et tra\u00e7able.<\/p>\n<p><strong>S\u00c9CURIT\u00c9<\/strong><br \/>\nLa s\u00e9curit\u00e9 de nos employ\u00e9s est d&rsquo;une importance capitale. Avec des contr\u00f4les de sant\u00e9 constants et une formation continue, et l&rsquo;utilisation de machines \u00e0 la pointe de la technologie, nous garantissons un environnement de travail s\u00fbr et confortable pour tous.<\/p>\n<p>Notre attention \u00e0 l&rsquo;\u00e9thique, \u00e0 l&rsquo;environnement et \u00e0 la s\u00e9curit\u00e9 s&rsquo;\u00e9tend \u00e9galement \u00e0 notre cha\u00eene de production. Nous collaborons \u00e9troitement avec nos fournisseurs, en veillant \u00e0 ce qu&rsquo;ils partagent nos valeurs et adoptent des pratiques durables.<\/p>\n<p>La Responsable de la Durabilit\u00e9 g\u00e8re les relations avec les clients et les fournisseurs, surveillant et soutenant nos partenaires dans le processus de changement et d&rsquo;int\u00e9gration avec nos normes. Faire partie de notre cha\u00eene d&rsquo;approvisionnement signifie faire partie d&rsquo;une \u00e9conomie durable, o\u00f9 la responsabilit\u00e9 sociale et environnementale est au c\u0153ur de chaque d\u00e9cision.<\/p>\n\t\t\t\t\t\t<\/div>\n\t\t\t\t<\/div>\n\t\t\t\t\t<\/div>\n\t\t\t\t<\/div>\n\t\t<div class=\"elementor-element elementor-element-d061402 e-flex e-con-boxed e-con e-parent\" data-id=\"d061402\" data-element_type=\"container\">\n\t\t\t\t\t<div class=\"e-con-inner\">\n\t\t\t\t<div class=\"elementor-element elementor-element-5bb779c elementor-widget elementor-widget-ucaddon_image_card_carousel\" data-id=\"5bb779c\" data-element_type=\"widget\" data-widget_type=\"ucaddon_image_card_carousel.default\">\n\t\t\t\t<div class=\"elementor-widget-container\">\n\t\t\t\n<!-- start Unlimited Carousel -->\n\t\t<link id='font-awesome-css' href='https:\/\/www.maglificiomarilina.com\/wp-content\/plugins\/unlimited-elements-for-elementor-premium\/assets_libraries\/font-awesome6\/fontawesome-all.min.css' type='text\/css' rel='stylesheet' >\n\t\t<link id='font-awesome-4-shim-css' href='https:\/\/www.maglificiomarilina.com\/wp-content\/plugins\/unlimited-elements-for-elementor-premium\/assets_libraries\/font-awesome6\/fontawesome-v4-shims.min.css' type='text\/css' rel='stylesheet' >\n\t\t<link id='owl-carousel-css' href='https:\/\/www.maglificiomarilina.com\/wp-content\/plugins\/unlimited-elements-for-elementor-premium\/assets_libraries\/owl-carousel-new\/assets\/owl.carousel.css' type='text\/css' rel='stylesheet' >\n\t\t<link id='fancybox-css' href='https:\/\/www.maglificiomarilina.com\/wp-content\/plugins\/unlimited-elements-for-elementor-premium\/assets_libraries\/fancybox3\/jquery.fancybox.min.css' type='text\/css' rel='stylesheet' >\n\n<style>\/* widget: Unlimited Carousel *\/\n\n#uc_image_card_carousel_elementor_5bb779c{\n  min-height:1px;\n}\n\n#uc_image_card_carousel_elementor_5bb779c-wrapper\n{\n  min-height:1px;\n}\n\n#uc_image_card_carousel_elementor_5bb779c .owl-dots {\noverflow:hidden;\ndisplay:none !important;\ntext-align:center;\n}\n\n#uc_image_card_carousel_elementor_5bb779c .owl-dot {\nborder-radius:50%;\ndisplay:inline-block;\n}\n\n#uc_image_card_carousel_elementor_5bb779c .owl-nav .owl-prev{\n    position:absolute;\n    display:inline-block;\n    text-align:center;\n        \n}\n#uc_image_card_carousel_elementor_5bb779c .owl-nav .owl-next{\n  position:absolute;\n  display:inline-block;\n  text-align:center;\n  }\n\n.uc_dark_carousel *{\n\tmargin:0;\n\tpadding:0;\n\t-webkit-box-sizing: border-box;\n\t-moz-box-sizing: border-box;\n\tbox-sizing: border-box;\n}\n\n.uc_dark_carousel .uc_dark_carousel_box\n{\n\tmargin:0 auto;\n}\n\n#uc_image_card_carousel_elementor_5bb779c .uc_dark_carousel_container_holder\n{   display: flex;\n\tfont-size:14px;\n\toverflow:hidden;\n\tposition:relative;\n\twidth:100%;\n}\n\n.ue-title\n{\n\tfont-size:21px;\n}\n\n#uc_image_card_carousel_elementor_5bb779c .uc_dark_carousel_content\n{\n  display:flex;\n  flex-direction:column;\n}\n\n#uc_image_card_carousel_elementor_5bb779c .ue-content-bottom\n{\n  margin-top:auto;\n}\n\n#uc_image_card_carousel_elementor_5bb779c  .uc_dark_carousel_placeholder\n{\n  position:relative;\n  overflow:hidden;\n}\n\n#uc_image_card_carousel_elementor_5bb779c .ue-btn-inner-wrapper\n{\n  display:flex;\n  align-items:center;\n}\n\n#uc_image_card_carousel_elementor_5bb779c .ue-btn-inner-wrapper svg\n{\n  height:1em;\n  width:1em;\n}\n\n#uc_image_card_carousel_elementor_5bb779c  .uc_dark_carousel_placeholder img\n{\n\twidth:100%;\n    transition:0.3s;\n}\n\n#uc_image_card_carousel_elementor_5bb779c .uc_dark_carousel_content .uc_more_btn {\n\tdisplay:inline-block;\n}\n\n#uc_image_card_carousel_elementor_5bb779c .centered .ue-item{\n\tborder: 3px solid yellow;\n}\n\n\n.ue-item-badge\n{\n  font-size:11px;\n}\n\n#uc_image_card_carousel_elementor_5bb779c .ue-item-badge\n{\n  position:absolute;\n  right:10px;\n  top:10px;\n}\n\n\n\n\n\n<\/style>\n\n<div id=\"uc_image_card_carousel_elementor_5bb779c-wrapper\">\n<div class=\"uc_dark_carousel\" style=\"direction:ltr;\" >   <div class=\"uc_dark_carousel_box owl-carousel uc-items-wrapper   \" id=\"uc_image_card_carousel_elementor_5bb779c\"  >\n      \n\n\n\n\n\n\n\n<div class=\"ue-item-holder elementor-repeater-item-a79d5a0\">\n  <div class=\"uc_dark_carousel_container_holder ue-item\" >\n\n    <div class=\"uc_dark_carousel_placeholder\">\n          \t<a href=\"https:\/\/maglificiomarilina.com\/wp-content\/uploads\/2024\/07\/certificato-14001-valido-fino-al-2025.pdf\"   target='_blank'><img decoding=\"async\" src=\"https:\/\/www.maglificiomarilina.com\/wp-content\/uploads\/2024\/07\/bureau-veritas-logo.png\" alt=\"bureau-veritas-logo\"><\/a>\n  \n      \t\n        \n      \t\n\n    <\/div>\n\n          <div class=\"uc_dark_carousel_content\">\n            \t<a href=\"https:\/\/maglificiomarilina.com\/wp-content\/uploads\/2024\/07\/certificato-14001-valido-fino-al-2025.pdf\"   target='_blank'><div class=\"ue-title\">DOWNLOAD<\/div><\/a>\n          <p><p>SA 8000<\/p>\n<\/p>    \n              <\/div>\n      <\/div>\n<\/div>\n\n\n\n\n\n\n\n\n<div class=\"ue-item-holder elementor-repeater-item-8624675\">\n  <div class=\"uc_dark_carousel_container_holder ue-item\" >\n\n    <div class=\"uc_dark_carousel_placeholder\">\n          \t<a href=\"https:\/\/www.maglificiomarilina.com\/wp-content\/uploads\/2025\/04\/0425.2025.pdf\"   target='_blank'><img decoding=\"async\" src=\"https:\/\/www.maglificiomarilina.com\/wp-content\/uploads\/2025\/04\/image003-1.jpg\" alt=\"image003\"><\/a>\n  \n      \t\n        \n      \t\n\n    <\/div>\n\n          <div class=\"uc_dark_carousel_content\">\n            \t<a href=\"https:\/\/www.maglificiomarilina.com\/wp-content\/uploads\/2025\/04\/0425.2025.pdf\"   target='_blank'><div class=\"ue-title\">DOWNLOAD<\/div><\/a>\n          <p><p>ISO 14001<\/p>\n<\/p>    \n              <\/div>\n      <\/div>\n<\/div>\n\n\n\n\n\n\n\n\n<div class=\"ue-item-holder elementor-repeater-item-bd4f7f0\">\n  <div class=\"uc_dark_carousel_container_holder ue-item\" >\n\n    <div class=\"uc_dark_carousel_placeholder\">\n          \t<a href=\"https:\/\/maglificiomarilina.com\/wp-content\/uploads\/2024\/07\/eti_base_code_it.pdf\"   target='_blank'><img decoding=\"async\" src=\"https:\/\/www.maglificiomarilina.com\/wp-content\/uploads\/2024\/07\/eti_logo.png\" alt=\"eti_logo\"><\/a>\n  \n      \t\n        \n      \t\n\n    <\/div>\n\n          <div class=\"uc_dark_carousel_content\">\n            \t<a href=\"https:\/\/maglificiomarilina.com\/wp-content\/uploads\/2024\/07\/eti_base_code_it.pdf\"   target='_blank'><div class=\"ue-title\">DOWNLOAD<\/div><\/a>\n          <p><p>ETI CODE<\/p>\n<\/p>    \n              <\/div>\n      <\/div>\n<\/div>\n\n\n\n\n\n\n\n\n<div class=\"ue-item-holder elementor-repeater-item-f9a6bb4\">\n  <div class=\"uc_dark_carousel_container_holder ue-item\" >\n\n    <div class=\"uc_dark_carousel_placeholder\">\n          \t<a href=\"https:\/\/maglificiomarilina.com\/wp-content\/uploads\/2024\/07\/certificato-RWS-2024.pdf\"   target='_blank'><img decoding=\"async\" src=\"https:\/\/www.maglificiomarilina.com\/wp-content\/uploads\/2024\/07\/rws_logo.jpg\" alt=\"Web\"><\/a>\n  \n      \t\n        \n      \t\n\n    <\/div>\n\n          <div class=\"uc_dark_carousel_content\">\n            \t<a href=\"https:\/\/maglificiomarilina.com\/wp-content\/uploads\/2024\/07\/certificato-RWS-2024.pdf\"   target='_blank'><div class=\"ue-title\">DOWNLOAD<\/div><\/a>\n          <p><p>RWS<\/p>\n<\/p>    \n              <\/div>\n      <\/div>\n<\/div>\n\n\n\n\n\n\n\n\n<div class=\"ue-item-holder elementor-repeater-item-c32f70e\">\n  <div class=\"uc_dark_carousel_container_holder ue-item\" >\n\n    <div class=\"uc_dark_carousel_placeholder\">\n          \t<a href=\"https:\/\/maglificiomarilina.com\/wp-content\/uploads\/2024\/07\/mm_codice-etico.pdf\"   target='_blank'><img decoding=\"async\" src=\"https:\/\/www.maglificiomarilina.com\/wp-content\/uploads\/2024\/06\/fav-icon.png\" alt=\"fav-icon\"><\/a>\n  \n      \t\n        \n      \t\n\n    <\/div>\n\n          <div class=\"uc_dark_carousel_content\">\n            \t<a href=\"https:\/\/maglificiomarilina.com\/wp-content\/uploads\/2024\/07\/mm_codice-etico.pdf\"   target='_blank'><div class=\"ue-title\">DOWNLOAD<\/div><\/a>\n          <p><p>Codice etico<\/p>\n<\/p>    \n              <\/div>\n      <\/div>\n<\/div>\n\n\n\n\n\n\n\n\n<div class=\"ue-item-holder elementor-repeater-item-9fc9f8a\">\n  <div class=\"uc_dark_carousel_container_holder ue-item\" >\n\n    <div class=\"uc_dark_carousel_placeholder\">\n          \t<a href=\"https:\/\/maglificiomarilina.com\/wp-content\/uploads\/2024\/07\/mm_carta-fornitori.pdf\"   target='_blank'><img decoding=\"async\" src=\"https:\/\/www.maglificiomarilina.com\/wp-content\/uploads\/2024\/06\/fav-icon.png\" alt=\"fav-icon\"><\/a>\n  \n      \t\n        \n      \t\n\n    <\/div>\n\n          <div class=\"uc_dark_carousel_content\">\n            \t<a href=\"https:\/\/maglificiomarilina.com\/wp-content\/uploads\/2024\/07\/mm_carta-fornitori.pdf\"   target='_blank'><div class=\"ue-title\">DOWNLOAD<\/div><\/a>\n          <p><p>Carta Fornitori<\/p>\n<\/p>    \n              <\/div>\n      <\/div>\n<\/div>\n\n\n\n\n\n\n\n\n<div class=\"ue-item-holder elementor-repeater-item-2f6b460\">\n  <div class=\"uc_dark_carousel_container_holder ue-item\" >\n\n    <div class=\"uc_dark_carousel_placeholder\">\n          \t<a href=\"https:\/\/maglificiomarilina.com\/wp-content\/uploads\/2024\/07\/mm_politica-di-sostenibilita.pdf\"   target='_blank'><img decoding=\"async\" src=\"https:\/\/www.maglificiomarilina.com\/wp-content\/uploads\/2024\/06\/fav-icon.png\" alt=\"fav-icon\"><\/a>\n  \n      \t\n        \n      \t\n\n    <\/div>\n\n          <div class=\"uc_dark_carousel_content\">\n            \t<a href=\"https:\/\/maglificiomarilina.com\/wp-content\/uploads\/2024\/07\/mm_politica-di-sostenibilita.pdf\"   target='_blank'><div class=\"ue-title\">DOWNLOAD<\/div><\/a>\n          <p><p>Politica di sostenibilit\u00e0<\/p>\n<\/p>    \n              <\/div>\n      <\/div>\n<\/div>\n\n\n\n\n\n\n\n\n<div class=\"ue-item-holder elementor-repeater-item-e217fd0\">\n  <div class=\"uc_dark_carousel_container_holder ue-item\" >\n\n    <div class=\"uc_dark_carousel_placeholder\">\n          \t<a href=\"https:\/\/www.maglificiomarilina.com\/wp-content\/uploads\/2024\/07\/BANDOLARGE2021-1.pdf\"   target='_blank'><img decoding=\"async\" src=\"https:\/\/www.maglificiomarilina.com\/wp-content\/uploads\/2024\/06\/fav-icon.png\" alt=\"fav-icon\"><\/a>\n  \n      \t\n        \n      \t\n\n    <\/div>\n\n          <div class=\"uc_dark_carousel_content\">\n            \t<a href=\"https:\/\/www.maglificiomarilina.com\/wp-content\/uploads\/2024\/07\/BANDOLARGE2021-1.pdf\"   target='_blank'><div class=\"ue-title\">DOWNLOAD<\/div><\/a>\n          <p><p>ISO 50001<\/p>\n<\/p>    \n              <\/div>\n      <\/div>\n<\/div>\n\n   <\/div>\n<\/div>\n<\/div>\n<!-- end Unlimited Carousel -->\t\t<\/div>\n\t\t\t\t<\/div>\n\t\t\t\t\t<\/div>\n\t\t\t\t<\/div>\n\t\t<div class=\"elementor-element elementor-element-89124bd e-flex e-con-boxed e-con e-parent\" data-id=\"89124bd\" data-element_type=\"container\">\n\t\t\t\t\t<div class=\"e-con-inner\">\n\t\t\t\t\t<\/div>\n\t\t\t\t<\/div>\n\t\t\t\t<\/div>\n\t\t","protected":false},"excerpt":{"rendered":"<p>DURABILIT\u00c9 ENGAGEMENT POUR UN AVENIR DURABL Au Maglificio Marilina, nous estimons que r\u00e9pondre aux besoins du pr\u00e9sent ne doit jamais compromettre les ressources des g\u00e9n\u00e9rations futures. Guid\u00e9s par les valeurs d&rsquo;\u00e9thique, de respect de l&rsquo;environnement et de s\u00e9curit\u00e9, nous nous engageons \u00e0 ce que chaque aspect de notre activit\u00e9 refl\u00e8te ces principes. Chaque ann\u00e9e, nous [&hellip;]<\/p>\n","protected":false},"author":1,"featured_media":0,"parent":0,"menu_order":0,"comment_status":"closed","ping_status":"closed","template":"","meta":{"footnotes":""},"class_list":["post-588","page","type-page","status-publish","hentry"],"_links":{"self":[{"href":"https:\/\/www.maglificiomarilina.com\/fr\/wp-json\/wp\/v2\/pages\/588","targetHints":{"allow":["GET"]}}],"collection":[{"href":"https:\/\/www.maglificiomarilina.com\/fr\/wp-json\/wp\/v2\/pages"}],"about":[{"href":"https:\/\/www.maglificiomarilina.com\/fr\/wp-json\/wp\/v2\/types\/page"}],"author":[{"embeddable":true,"href":"https:\/\/www.maglificiomarilina.com\/fr\/wp-json\/wp\/v2\/users\/1"}],"replies":[{"embeddable":true,"href":"https:\/\/www.maglificiomarilina.com\/fr\/wp-json\/wp\/v2\/comments?post=588"}],"version-history":[{"count":9,"href":"https:\/\/www.maglificiomarilina.com\/fr\/wp-json\/wp\/v2\/pages\/588\/revisions"}],"predecessor-version":[{"id":807,"href":"https:\/\/www.maglificiomarilina.com\/fr\/wp-json\/wp\/v2\/pages\/588\/revisions\/807"}],"wp:attachment":[{"href":"https:\/\/www.maglificiomarilina.com\/fr\/wp-json\/wp\/v2\/media?parent=588"}],"curies":[{"name":"wp","href":"https:\/\/api.w.org\/{rel}","templated":true}]}}